{"id":3649,"date":"2025-05-23T15:45:50","date_gmt":"2025-05-23T13:45:50","guid":{"rendered":"https:\/\/staging.elevationalps.com\/locations-vacances-a-morzine\/"},"modified":"2026-03-31T16:53:49","modified_gmt":"2026-03-31T14:53:49","slug":"locations-vacances-a-morzine","status":"publish","type":"page","link":"https:\/\/elevationalps.com\/fr\/locations-vacances-a-morzine\/","title":{"rendered":"Location de Vacances \u00e0 Morzine"},"content":{"rendered":"","protected":false},"excerpt":{"rendered":"","protected":false},"author":1,"featured_media":2911,"parent":0,"menu_order":11,"comment_status":"closed","ping_status":"closed","template":"","meta":{"_acf_changed":false,"footnotes":""},"class_list":["post-3649","page","type-page","status-publish","has-post-thumbnail","hentry"],"acf":[],"yoast_head":"<!-- This site is optimized with the Yoast SEO plugin v26.9 - https:\/\/yoast.com\/product\/yoast-seo-wordpress\/ -->\n<title>Location de Vacances \u00e0 Morzine - Elevation Alps<\/title>\n<meta name=\"description\" content=\"Plus de 30 locations de Vacances de Luxe \u00e0 Morzine. Ajoutez l&#039;h\u00e9bergement et des services sur mesure pour cr\u00e9er des vacances parfaites !\" \/>\n<meta name=\"robots\" content=\"index, follow, max-snippet:-1, max-image-preview:large, max-video-preview:-1\" \/>\n<link rel=\"canonical\" href=\"https:\/\/elevationalps.com\/fr\/locations-vacances-a-morzine\/\" \/>\n<meta property=\"og:locale\" content=\"fr_FR\" \/>\n<meta property=\"og:type\" content=\"article\" \/>\n<meta property=\"og:title\" content=\"Location de Vacances \u00e0 Morzine - Elevation Alps\" \/>\n<meta property=\"og:description\" content=\"Plus de 30 locations de Vacances de Luxe \u00e0 Morzine. Ajoutez l&#039;h\u00e9bergement et des services sur mesure pour cr\u00e9er des vacances parfaites !\" \/>\n<meta property=\"og:url\" content=\"https:\/\/elevationalps.com\/fr\/locations-vacances-a-morzine\/\" \/>\n<meta property=\"og:site_name\" content=\"Elevation Alps\" \/>\n<meta property=\"article:publisher\" content=\"https:\/\/www.facebook.com\/ElevationAlps\/\" \/>\n<meta property=\"article:modified_time\" content=\"2026-03-31T14:53:49+00:00\" \/>\n<meta property=\"og:image\" content=\"https:\/\/elevationalps.com\/wp-content\/uploads\/2025\/06\/ELEVATION-ALPS-OBELIX-OPEN-PLAN-LEAD-IMAGE.webp\" \/>\n\t<meta property=\"og:image:width\" content=\"1920\" \/>\n\t<meta property=\"og:image:height\" content=\"1280\" \/>\n\t<meta property=\"og:image:type\" content=\"image\/webp\" \/>\n<script type=\"application\/ld+json\" class=\"yoast-schema-graph\">{\"@context\":\"https:\/\/schema.org\",\"@graph\":[{\"@type\":\"WebPage\",\"@id\":\"https:\/\/elevationalps.com\/fr\/locations-vacances-a-morzine\/\",\"url\":\"https:\/\/elevationalps.com\/fr\/locations-vacances-a-morzine\/\",\"name\":\"Location de Vacances \u00e0 Morzine - Elevation Alps\",\"isPartOf\":{\"@id\":\"https:\/\/elevationalps.com\/fr\/#website\"},\"primaryImageOfPage\":{\"@id\":\"https:\/\/elevationalps.com\/fr\/locations-vacances-a-morzine\/#primaryimage\"},\"image\":{\"@id\":\"https:\/\/elevationalps.com\/fr\/locations-vacances-a-morzine\/#primaryimage\"},\"thumbnailUrl\":\"https:\/\/elevationalps.com\/wp-content\/uploads\/2025\/06\/ELEVATION-ALPS-OBELIX-OPEN-PLAN-LEAD-IMAGE.webp\",\"datePublished\":\"2025-05-23T13:45:50+00:00\",\"dateModified\":\"2026-03-31T14:53:49+00:00\",\"description\":\"Plus de 30 locations de Vacances de Luxe \u00e0 Morzine. Ajoutez l'h\u00e9bergement et des services sur mesure pour cr\u00e9er des vacances parfaites !\",\"breadcrumb\":{\"@id\":\"https:\/\/elevationalps.com\/fr\/locations-vacances-a-morzine\/#breadcrumb\"},\"inLanguage\":\"fr-FR\",\"potentialAction\":[{\"@type\":\"ReadAction\",\"target\":[\"https:\/\/elevationalps.com\/fr\/locations-vacances-a-morzine\/\"]}]},{\"@type\":\"ImageObject\",\"inLanguage\":\"fr-FR\",\"@id\":\"https:\/\/elevationalps.com\/fr\/locations-vacances-a-morzine\/#primaryimage\",\"url\":\"https:\/\/elevationalps.com\/wp-content\/uploads\/2025\/06\/ELEVATION-ALPS-OBELIX-OPEN-PLAN-LEAD-IMAGE.webp\",\"contentUrl\":\"https:\/\/elevationalps.com\/wp-content\/uploads\/2025\/06\/ELEVATION-ALPS-OBELIX-OPEN-PLAN-LEAD-IMAGE.webp\",\"width\":1920,\"height\":1280,\"caption\":\"OBELIX-OPEN PLAN LEAD IMAGE\"},{\"@type\":\"BreadcrumbList\",\"@id\":\"https:\/\/elevationalps.com\/fr\/locations-vacances-a-morzine\/#breadcrumb\",\"itemListElement\":[{\"@type\":\"ListItem\",\"position\":1,\"name\":\"Home\",\"item\":\"https:\/\/elevationalps.com\/fr\/\"},{\"@type\":\"ListItem\",\"position\":2,\"name\":\"Location de Vacances \u00e0 Morzine\"}]},{\"@type\":\"WebSite\",\"@id\":\"https:\/\/elevationalps.com\/fr\/#website\",\"url\":\"https:\/\/elevationalps.com\/fr\/\",\"name\":\"Elevation Alps\",\"description\":\"Luxury Self Catered Properties in Morzine\",\"potentialAction\":[{\"@type\":\"SearchAction\",\"target\":{\"@type\":\"EntryPoint\",\"urlTemplate\":\"https:\/\/elevationalps.com\/fr\/?s={search_term_string}\"},\"query-input\":{\"@type\":\"PropertyValueSpecification\",\"valueRequired\":true,\"valueName\":\"search_term_string\"}}],\"inLanguage\":\"fr-FR\"}]}<\/script>\n<!-- \/ Yoast SEO plugin. -->","yoast_head_json":{"title":"Location de Vacances \u00e0 Morzine - Elevation Alps","description":"Plus de 30 locations de Vacances de Luxe \u00e0 Morzine. Ajoutez l'h\u00e9bergement et des services sur mesure pour cr\u00e9er des vacances parfaites !","robots":{"index":"index","follow":"follow","max-snippet":"max-snippet:-1","max-image-preview":"max-image-preview:large","max-video-preview":"max-video-preview:-1"},"canonical":"https:\/\/elevationalps.com\/fr\/locations-vacances-a-morzine\/","og_locale":"fr_FR","og_type":"article","og_title":"Location de Vacances \u00e0 Morzine - Elevation Alps","og_description":"Plus de 30 locations de Vacances de Luxe \u00e0 Morzine. Ajoutez l'h\u00e9bergement et des services sur mesure pour cr\u00e9er des vacances parfaites !","og_url":"https:\/\/elevationalps.com\/fr\/locations-vacances-a-morzine\/","og_site_name":"Elevation Alps","article_publisher":"https:\/\/www.facebook.com\/ElevationAlps\/","article_modified_time":"2026-03-31T14:53:49+00:00","og_image":[{"width":1920,"height":1280,"url":"https:\/\/elevationalps.com\/wp-content\/uploads\/2025\/06\/ELEVATION-ALPS-OBELIX-OPEN-PLAN-LEAD-IMAGE.webp","type":"image\/webp"}],"schema":{"@context":"https:\/\/schema.org","@graph":[{"@type":"WebPage","@id":"https:\/\/elevationalps.com\/fr\/locations-vacances-a-morzine\/","url":"https:\/\/elevationalps.com\/fr\/locations-vacances-a-morzine\/","name":"Location de Vacances \u00e0 Morzine - Elevation Alps","isPartOf":{"@id":"https:\/\/elevationalps.com\/fr\/#website"},"primaryImageOfPage":{"@id":"https:\/\/elevationalps.com\/fr\/locations-vacances-a-morzine\/#primaryimage"},"image":{"@id":"https:\/\/elevationalps.com\/fr\/locations-vacances-a-morzine\/#primaryimage"},"thumbnailUrl":"https:\/\/elevationalps.com\/wp-content\/uploads\/2025\/06\/ELEVATION-ALPS-OBELIX-OPEN-PLAN-LEAD-IMAGE.webp","datePublished":"2025-05-23T13:45:50+00:00","dateModified":"2026-03-31T14:53:49+00:00","description":"Plus de 30 locations de Vacances de Luxe \u00e0 Morzine. Ajoutez l'h\u00e9bergement et des services sur mesure pour cr\u00e9er des vacances parfaites !","breadcrumb":{"@id":"https:\/\/elevationalps.com\/fr\/locations-vacances-a-morzine\/#breadcrumb"},"inLanguage":"fr-FR","potentialAction":[{"@type":"ReadAction","target":["https:\/\/elevationalps.com\/fr\/locations-vacances-a-morzine\/"]}]},{"@type":"ImageObject","inLanguage":"fr-FR","@id":"https:\/\/elevationalps.com\/fr\/locations-vacances-a-morzine\/#primaryimage","url":"https:\/\/elevationalps.com\/wp-content\/uploads\/2025\/06\/ELEVATION-ALPS-OBELIX-OPEN-PLAN-LEAD-IMAGE.webp","contentUrl":"https:\/\/elevationalps.com\/wp-content\/uploads\/2025\/06\/ELEVATION-ALPS-OBELIX-OPEN-PLAN-LEAD-IMAGE.webp","width":1920,"height":1280,"caption":"OBELIX-OPEN PLAN LEAD IMAGE"},{"@type":"BreadcrumbList","@id":"https:\/\/elevationalps.com\/fr\/locations-vacances-a-morzine\/#breadcrumb","itemListElement":[{"@type":"ListItem","position":1,"name":"Home","item":"https:\/\/elevationalps.com\/fr\/"},{"@type":"ListItem","position":2,"name":"Location de Vacances \u00e0 Morzine"}]},{"@type":"WebSite","@id":"https:\/\/elevationalps.com\/fr\/#website","url":"https:\/\/elevationalps.com\/fr\/","name":"Elevation Alps","description":"Luxury Self Catered Properties in Morzine","potentialAction":[{"@type":"SearchAction","target":{"@type":"EntryPoint","urlTemplate":"https:\/\/elevationalps.com\/fr\/?s={search_term_string}"},"query-input":{"@type":"PropertyValueSpecification","valueRequired":true,"valueName":"search_term_string"}}],"inLanguage":"fr-FR"}]}},"_links":{"self":[{"href":"https:\/\/elevationalps.com\/fr\/wp-json\/wp\/v2\/pages\/3649","targetHints":{"allow":["GET"]}}],"collection":[{"href":"https:\/\/elevationalps.com\/fr\/wp-json\/wp\/v2\/pages"}],"about":[{"href":"https:\/\/elevationalps.com\/fr\/wp-json\/wp\/v2\/types\/page"}],"author":[{"embeddable":true,"href":"https:\/\/elevationalps.com\/fr\/wp-json\/wp\/v2\/users\/1"}],"replies":[{"embeddable":true,"href":"https:\/\/elevationalps.com\/fr\/wp-json\/wp\/v2\/comments?post=3649"}],"version-history":[{"count":12,"href":"https:\/\/elevationalps.com\/fr\/wp-json\/wp\/v2\/pages\/3649\/revisions"}],"predecessor-version":[{"id":5167,"href":"https:\/\/elevationalps.com\/fr\/wp-json\/wp\/v2\/pages\/3649\/revisions\/5167"}],"wp:featuredmedia":[{"embeddable":true,"href":"https:\/\/elevationalps.com\/fr\/wp-json\/wp\/v2\/media\/2911"}],"wp:attachment":[{"href":"https:\/\/elevationalps.com\/fr\/wp-json\/wp\/v2\/media?parent=3649"}],"curies":[{"name":"wp","href":"https:\/\/api.w.org\/{rel}","templated":true}]}}