{"id":3797,"date":"2025-07-03T14:42:53","date_gmt":"2025-07-03T12:42:53","guid":{"rendered":"https:\/\/staging.elevationalps.com\/offres-speciales\/"},"modified":"2026-03-30T13:33:19","modified_gmt":"2026-03-30T11:33:19","slug":"offres-speciales","status":"publish","type":"page","link":"https:\/\/elevationalps.com\/fr\/offres-speciales\/","title":{"rendered":"Offres sp\u00e9ciales"},"content":{"rendered":"","protected":false},"excerpt":{"rendered":"","protected":false},"author":1,"featured_media":0,"parent":0,"menu_order":31,"comment_status":"closed","ping_status":"closed","template":"","meta":{"_acf_changed":false,"footnotes":""},"class_list":["post-3797","page","type-page","status-publish","hentry"],"acf":[],"yoast_head":"<!-- This site is optimized with the Yoast SEO plugin v26.9 - https:\/\/yoast.com\/product\/yoast-seo-wordpress\/ -->\n<title>Offres sp\u00e9ciales - Elevation Alps<\/title>\n<meta name=\"description\" content=\"Offres sp\u00e9ciales sur nos chalets de luxe \u00e0 Morzine. Derni\u00e8res minutes, r\u00e9ductions, s\u00e9jours de courte dur\u00e9e, week-ends de ski et autres offres.\" \/>\n<meta name=\"robots\" content=\"index, follow, max-snippet:-1, max-image-preview:large, max-video-preview:-1\" \/>\n<link rel=\"canonical\" href=\"https:\/\/elevationalps.com\/fr\/offres-speciales\/\" \/>\n<meta property=\"og:locale\" content=\"fr_FR\" \/>\n<meta property=\"og:type\" content=\"article\" \/>\n<meta property=\"og:title\" content=\"Offres sp\u00e9ciales - Elevation Alps\" \/>\n<meta property=\"og:description\" content=\"Offres sp\u00e9ciales sur nos chalets de luxe \u00e0 Morzine. Derni\u00e8res minutes, r\u00e9ductions, s\u00e9jours de courte dur\u00e9e, week-ends de ski et autres offres.\" \/>\n<meta property=\"og:url\" content=\"https:\/\/elevationalps.com\/fr\/offres-speciales\/\" \/>\n<meta property=\"og:site_name\" content=\"Elevation Alps\" \/>\n<meta property=\"article:publisher\" content=\"https:\/\/www.facebook.com\/ElevationAlps\/\" \/>\n<meta property=\"article:modified_time\" content=\"2026-03-30T11:33:19+00:00\" \/>\n<script type=\"application\/ld+json\" class=\"yoast-schema-graph\">{\"@context\":\"https:\/\/schema.org\",\"@graph\":[{\"@type\":\"WebPage\",\"@id\":\"https:\/\/elevationalps.com\/fr\/offres-speciales\/\",\"url\":\"https:\/\/elevationalps.com\/fr\/offres-speciales\/\",\"name\":\"Offres sp\u00e9ciales - Elevation Alps\",\"isPartOf\":{\"@id\":\"https:\/\/elevationalps.com\/fr\/#website\"},\"datePublished\":\"2025-07-03T12:42:53+00:00\",\"dateModified\":\"2026-03-30T11:33:19+00:00\",\"description\":\"Offres sp\u00e9ciales sur nos chalets de luxe \u00e0 Morzine. Derni\u00e8res minutes, r\u00e9ductions, s\u00e9jours de courte dur\u00e9e, week-ends de ski et autres offres.\",\"breadcrumb\":{\"@id\":\"https:\/\/elevationalps.com\/fr\/offres-speciales\/#breadcrumb\"},\"inLanguage\":\"fr-FR\",\"potentialAction\":[{\"@type\":\"ReadAction\",\"target\":[\"https:\/\/elevationalps.com\/fr\/offres-speciales\/\"]}]},{\"@type\":\"BreadcrumbList\",\"@id\":\"https:\/\/elevationalps.com\/fr\/offres-speciales\/#breadcrumb\",\"itemListElement\":[{\"@type\":\"ListItem\",\"position\":1,\"name\":\"Home\",\"item\":\"https:\/\/elevationalps.com\/fr\/\"},{\"@type\":\"ListItem\",\"position\":2,\"name\":\"Offres sp\u00e9ciales\"}]},{\"@type\":\"WebSite\",\"@id\":\"https:\/\/elevationalps.com\/fr\/#website\",\"url\":\"https:\/\/elevationalps.com\/fr\/\",\"name\":\"Elevation Alps\",\"description\":\"Luxury Self Catered Properties in Morzine\",\"potentialAction\":[{\"@type\":\"SearchAction\",\"target\":{\"@type\":\"EntryPoint\",\"urlTemplate\":\"https:\/\/elevationalps.com\/fr\/?s={search_term_string}\"},\"query-input\":{\"@type\":\"PropertyValueSpecification\",\"valueRequired\":true,\"valueName\":\"search_term_string\"}}],\"inLanguage\":\"fr-FR\"}]}<\/script>\n<!-- \/ Yoast SEO plugin. -->","yoast_head_json":{"title":"Offres sp\u00e9ciales - Elevation Alps","description":"Offres sp\u00e9ciales sur nos chalets de luxe \u00e0 Morzine. Derni\u00e8res minutes, r\u00e9ductions, s\u00e9jours de courte dur\u00e9e, week-ends de ski et autres offres.","robots":{"index":"index","follow":"follow","max-snippet":"max-snippet:-1","max-image-preview":"max-image-preview:large","max-video-preview":"max-video-preview:-1"},"canonical":"https:\/\/elevationalps.com\/fr\/offres-speciales\/","og_locale":"fr_FR","og_type":"article","og_title":"Offres sp\u00e9ciales - Elevation Alps","og_description":"Offres sp\u00e9ciales sur nos chalets de luxe \u00e0 Morzine. Derni\u00e8res minutes, r\u00e9ductions, s\u00e9jours de courte dur\u00e9e, week-ends de ski et autres offres.","og_url":"https:\/\/elevationalps.com\/fr\/offres-speciales\/","og_site_name":"Elevation Alps","article_publisher":"https:\/\/www.facebook.com\/ElevationAlps\/","article_modified_time":"2026-03-30T11:33:19+00:00","schema":{"@context":"https:\/\/schema.org","@graph":[{"@type":"WebPage","@id":"https:\/\/elevationalps.com\/fr\/offres-speciales\/","url":"https:\/\/elevationalps.com\/fr\/offres-speciales\/","name":"Offres sp\u00e9ciales - Elevation Alps","isPartOf":{"@id":"https:\/\/elevationalps.com\/fr\/#website"},"datePublished":"2025-07-03T12:42:53+00:00","dateModified":"2026-03-30T11:33:19+00:00","description":"Offres sp\u00e9ciales sur nos chalets de luxe \u00e0 Morzine. Derni\u00e8res minutes, r\u00e9ductions, s\u00e9jours de courte dur\u00e9e, week-ends de ski et autres offres.","breadcrumb":{"@id":"https:\/\/elevationalps.com\/fr\/offres-speciales\/#breadcrumb"},"inLanguage":"fr-FR","potentialAction":[{"@type":"ReadAction","target":["https:\/\/elevationalps.com\/fr\/offres-speciales\/"]}]},{"@type":"BreadcrumbList","@id":"https:\/\/elevationalps.com\/fr\/offres-speciales\/#breadcrumb","itemListElement":[{"@type":"ListItem","position":1,"name":"Home","item":"https:\/\/elevationalps.com\/fr\/"},{"@type":"ListItem","position":2,"name":"Offres sp\u00e9ciales"}]},{"@type":"WebSite","@id":"https:\/\/elevationalps.com\/fr\/#website","url":"https:\/\/elevationalps.com\/fr\/","name":"Elevation Alps","description":"Luxury Self Catered Properties in Morzine","potentialAction":[{"@type":"SearchAction","target":{"@type":"EntryPoint","urlTemplate":"https:\/\/elevationalps.com\/fr\/?s={search_term_string}"},"query-input":{"@type":"PropertyValueSpecification","valueRequired":true,"valueName":"search_term_string"}}],"inLanguage":"fr-FR"}]}},"_links":{"self":[{"href":"https:\/\/elevationalps.com\/fr\/wp-json\/wp\/v2\/pages\/3797","targetHints":{"allow":["GET"]}}],"collection":[{"href":"https:\/\/elevationalps.com\/fr\/wp-json\/wp\/v2\/pages"}],"about":[{"href":"https:\/\/elevationalps.com\/fr\/wp-json\/wp\/v2\/types\/page"}],"author":[{"embeddable":true,"href":"https:\/\/elevationalps.com\/fr\/wp-json\/wp\/v2\/users\/1"}],"replies":[{"embeddable":true,"href":"https:\/\/elevationalps.com\/fr\/wp-json\/wp\/v2\/comments?post=3797"}],"version-history":[{"count":1,"href":"https:\/\/elevationalps.com\/fr\/wp-json\/wp\/v2\/pages\/3797\/revisions"}],"predecessor-version":[{"id":4424,"href":"https:\/\/elevationalps.com\/fr\/wp-json\/wp\/v2\/pages\/3797\/revisions\/4424"}],"wp:attachment":[{"href":"https:\/\/elevationalps.com\/fr\/wp-json\/wp\/v2\/media?parent=3797"}],"curies":[{"name":"wp","href":"https:\/\/api.w.org\/{rel}","templated":true}]}}