{"id":3803,"date":"2025-05-23T15:45:50","date_gmt":"2025-05-23T13:45:50","guid":{"rendered":"https:\/\/staging.elevationalps.com\/chalets-de-morzine\/"},"modified":"2025-10-21T08:51:13","modified_gmt":"2025-10-21T06:51:13","slug":"chalets-de-morzine","status":"publish","type":"page","link":"https:\/\/elevationalps.com\/fr\/chalets-de-morzine\/","title":{"rendered":"Chalets de Morzine"},"content":{"rendered":"","protected":false},"excerpt":{"rendered":"","protected":false},"author":1,"featured_media":3555,"parent":0,"menu_order":23,"comment_status":"closed","ping_status":"closed","template":"templates\/template-chalets.php","meta":{"_acf_changed":false,"footnotes":""},"class_list":["post-3803","page","type-page","status-publish","has-post-thumbnail","hentry"],"acf":[],"yoast_head":"<!-- This site is optimized with the Yoast SEO plugin v26.9 - https:\/\/yoast.com\/product\/yoast-seo-wordpress\/ -->\n<title>Chalets de Morzine - Elevation Alps<\/title>\n<meta name=\"description\" content=\"Plus de 30 Locations Locations Luxe de Morzine \u00e0 Luxe. Ajoutez l&#039;h\u00e9bergement et des services sur mesure pour cr\u00e9er des vacances parfaites !\" \/>\n<meta name=\"robots\" content=\"index, follow, max-snippet:-1, max-image-preview:large, max-video-preview:-1\" \/>\n<link rel=\"canonical\" href=\"https:\/\/elevationalps.com\/fr\/chalets-de-morzine\/\" \/>\n<meta property=\"og:locale\" content=\"fr_FR\" \/>\n<meta property=\"og:type\" content=\"article\" \/>\n<meta property=\"og:title\" content=\"Chalets de Morzine - Elevation Alps\" \/>\n<meta property=\"og:description\" content=\"Plus de 30 Locations Locations Luxe de Morzine \u00e0 Luxe. Ajoutez l&#039;h\u00e9bergement et des services sur mesure pour cr\u00e9er des vacances parfaites !\" \/>\n<meta property=\"og:url\" content=\"https:\/\/elevationalps.com\/fr\/chalets-de-morzine\/\" \/>\n<meta property=\"og:site_name\" content=\"Elevation Alps\" \/>\n<meta property=\"article:publisher\" content=\"https:\/\/www.facebook.com\/ElevationAlps\/\" \/>\n<meta property=\"article:modified_time\" content=\"2025-10-21T06:51:13+00:00\" \/>\n<script type=\"application\/ld+json\" class=\"yoast-schema-graph\">{\"@context\":\"https:\/\/schema.org\",\"@graph\":[{\"@type\":\"WebPage\",\"@id\":\"https:\/\/elevationalps.com\/fr\/chalets-de-morzine\/\",\"url\":\"https:\/\/elevationalps.com\/fr\/chalets-de-morzine\/\",\"name\":\"Chalets de Morzine - Elevation Alps\",\"isPartOf\":{\"@id\":\"https:\/\/elevationalps.com\/fr\/#website\"},\"primaryImageOfPage\":{\"@id\":\"https:\/\/elevationalps.com\/fr\/chalets-de-morzine\/#primaryimage\"},\"image\":{\"@id\":\"https:\/\/elevationalps.com\/fr\/chalets-de-morzine\/#primaryimage\"},\"thumbnailUrl\":\"https:\/\/elevationalps.com\/wp-content\/uploads\/2025\/06\/Elevation-Alps-Penthouse-Snowgum-Lounge-Dining-Area.webp\",\"datePublished\":\"2025-05-23T13:45:50+00:00\",\"dateModified\":\"2025-10-21T06:51:13+00:00\",\"description\":\"Plus de 30 Locations Locations Luxe de Morzine \u00e0 Luxe. Ajoutez l'h\u00e9bergement et des services sur mesure pour cr\u00e9er des vacances parfaites !\",\"breadcrumb\":{\"@id\":\"https:\/\/elevationalps.com\/fr\/chalets-de-morzine\/#breadcrumb\"},\"inLanguage\":\"fr-FR\",\"potentialAction\":[{\"@type\":\"ReadAction\",\"target\":[\"https:\/\/elevationalps.com\/fr\/chalets-de-morzine\/\"]}]},{\"@type\":\"ImageObject\",\"inLanguage\":\"fr-FR\",\"@id\":\"https:\/\/elevationalps.com\/fr\/chalets-de-morzine\/#primaryimage\",\"url\":\"https:\/\/elevationalps.com\/wp-content\/uploads\/2025\/06\/Elevation-Alps-Penthouse-Snowgum-Lounge-Dining-Area.webp\",\"contentUrl\":\"https:\/\/elevationalps.com\/wp-content\/uploads\/2025\/06\/Elevation-Alps-Penthouse-Snowgum-Lounge-Dining-Area.webp\",\"width\":2034,\"height\":1285,\"caption\":\"Morzine Chalets\"},{\"@type\":\"BreadcrumbList\",\"@id\":\"https:\/\/elevationalps.com\/fr\/chalets-de-morzine\/#breadcrumb\",\"itemListElement\":[{\"@type\":\"ListItem\",\"position\":1,\"name\":\"Home\",\"item\":\"https:\/\/elevationalps.com\/fr\/\"},{\"@type\":\"ListItem\",\"position\":2,\"name\":\"Chalets de Morzine\"}]},{\"@type\":\"WebSite\",\"@id\":\"https:\/\/elevationalps.com\/fr\/#website\",\"url\":\"https:\/\/elevationalps.com\/fr\/\",\"name\":\"Elevation Alps\",\"description\":\"Luxury Self Catered Properties in Morzine\",\"potentialAction\":[{\"@type\":\"SearchAction\",\"target\":{\"@type\":\"EntryPoint\",\"urlTemplate\":\"https:\/\/elevationalps.com\/fr\/?s={search_term_string}\"},\"query-input\":{\"@type\":\"PropertyValueSpecification\",\"valueRequired\":true,\"valueName\":\"search_term_string\"}}],\"inLanguage\":\"fr-FR\"}]}<\/script>\n<!-- \/ Yoast SEO plugin. -->","yoast_head_json":{"title":"Chalets de Morzine - Elevation Alps","description":"Plus de 30 Locations Locations Luxe de Morzine \u00e0 Luxe. Ajoutez l'h\u00e9bergement et des services sur mesure pour cr\u00e9er des vacances parfaites !","robots":{"index":"index","follow":"follow","max-snippet":"max-snippet:-1","max-image-preview":"max-image-preview:large","max-video-preview":"max-video-preview:-1"},"canonical":"https:\/\/elevationalps.com\/fr\/chalets-de-morzine\/","og_locale":"fr_FR","og_type":"article","og_title":"Chalets de Morzine - Elevation Alps","og_description":"Plus de 30 Locations Locations Luxe de Morzine \u00e0 Luxe. Ajoutez l'h\u00e9bergement et des services sur mesure pour cr\u00e9er des vacances parfaites !","og_url":"https:\/\/elevationalps.com\/fr\/chalets-de-morzine\/","og_site_name":"Elevation Alps","article_publisher":"https:\/\/www.facebook.com\/ElevationAlps\/","article_modified_time":"2025-10-21T06:51:13+00:00","schema":{"@context":"https:\/\/schema.org","@graph":[{"@type":"WebPage","@id":"https:\/\/elevationalps.com\/fr\/chalets-de-morzine\/","url":"https:\/\/elevationalps.com\/fr\/chalets-de-morzine\/","name":"Chalets de Morzine - Elevation Alps","isPartOf":{"@id":"https:\/\/elevationalps.com\/fr\/#website"},"primaryImageOfPage":{"@id":"https:\/\/elevationalps.com\/fr\/chalets-de-morzine\/#primaryimage"},"image":{"@id":"https:\/\/elevationalps.com\/fr\/chalets-de-morzine\/#primaryimage"},"thumbnailUrl":"https:\/\/elevationalps.com\/wp-content\/uploads\/2025\/06\/Elevation-Alps-Penthouse-Snowgum-Lounge-Dining-Area.webp","datePublished":"2025-05-23T13:45:50+00:00","dateModified":"2025-10-21T06:51:13+00:00","description":"Plus de 30 Locations Locations Luxe de Morzine \u00e0 Luxe. Ajoutez l'h\u00e9bergement et des services sur mesure pour cr\u00e9er des vacances parfaites !","breadcrumb":{"@id":"https:\/\/elevationalps.com\/fr\/chalets-de-morzine\/#breadcrumb"},"inLanguage":"fr-FR","potentialAction":[{"@type":"ReadAction","target":["https:\/\/elevationalps.com\/fr\/chalets-de-morzine\/"]}]},{"@type":"ImageObject","inLanguage":"fr-FR","@id":"https:\/\/elevationalps.com\/fr\/chalets-de-morzine\/#primaryimage","url":"https:\/\/elevationalps.com\/wp-content\/uploads\/2025\/06\/Elevation-Alps-Penthouse-Snowgum-Lounge-Dining-Area.webp","contentUrl":"https:\/\/elevationalps.com\/wp-content\/uploads\/2025\/06\/Elevation-Alps-Penthouse-Snowgum-Lounge-Dining-Area.webp","width":2034,"height":1285,"caption":"Morzine Chalets"},{"@type":"BreadcrumbList","@id":"https:\/\/elevationalps.com\/fr\/chalets-de-morzine\/#breadcrumb","itemListElement":[{"@type":"ListItem","position":1,"name":"Home","item":"https:\/\/elevationalps.com\/fr\/"},{"@type":"ListItem","position":2,"name":"Chalets de Morzine"}]},{"@type":"WebSite","@id":"https:\/\/elevationalps.com\/fr\/#website","url":"https:\/\/elevationalps.com\/fr\/","name":"Elevation Alps","description":"Luxury Self Catered Properties in Morzine","potentialAction":[{"@type":"SearchAction","target":{"@type":"EntryPoint","urlTemplate":"https:\/\/elevationalps.com\/fr\/?s={search_term_string}"},"query-input":{"@type":"PropertyValueSpecification","valueRequired":true,"valueName":"search_term_string"}}],"inLanguage":"fr-FR"}]}},"_links":{"self":[{"href":"https:\/\/elevationalps.com\/fr\/wp-json\/wp\/v2\/pages\/3803","targetHints":{"allow":["GET"]}}],"collection":[{"href":"https:\/\/elevationalps.com\/fr\/wp-json\/wp\/v2\/pages"}],"about":[{"href":"https:\/\/elevationalps.com\/fr\/wp-json\/wp\/v2\/types\/page"}],"author":[{"embeddable":true,"href":"https:\/\/elevationalps.com\/fr\/wp-json\/wp\/v2\/users\/1"}],"replies":[{"embeddable":true,"href":"https:\/\/elevationalps.com\/fr\/wp-json\/wp\/v2\/comments?post=3803"}],"version-history":[{"count":1,"href":"https:\/\/elevationalps.com\/fr\/wp-json\/wp\/v2\/pages\/3803\/revisions"}],"predecessor-version":[{"id":3998,"href":"https:\/\/elevationalps.com\/fr\/wp-json\/wp\/v2\/pages\/3803\/revisions\/3998"}],"wp:featuredmedia":[{"embeddable":true,"href":"https:\/\/elevationalps.com\/fr\/wp-json\/wp\/v2\/media\/3555"}],"wp:attachment":[{"href":"https:\/\/elevationalps.com\/fr\/wp-json\/wp\/v2\/media?parent=3803"}],"curies":[{"name":"wp","href":"https:\/\/api.w.org\/{rel}","templated":true}]}}