{"id":3808,"date":"2025-05-23T14:26:05","date_gmt":"2025-05-23T12:26:05","guid":{"rendered":"https:\/\/staging.elevationalps.com\/chalets-pour-les-week-ends-de-ski\/"},"modified":"2026-03-17T12:22:26","modified_gmt":"2026-03-17T11:22:26","slug":"chalets-pour-les-week-ends-de-ski","status":"publish","type":"page","link":"https:\/\/elevationalps.com\/fr\/chalets-pour-les-week-ends-de-ski\/","title":{"rendered":"Week-ends de ski et s\u00e9jours de courte dur\u00e9e"},"content":{"rendered":"","protected":false},"excerpt":{"rendered":"","protected":false},"author":1,"featured_media":3129,"parent":0,"menu_order":29,"comment_status":"closed","ping_status":"closed","template":"","meta":{"_acf_changed":false,"footnotes":""},"class_list":["post-3808","page","type-page","status-publish","has-post-thumbnail","hentry"],"acf":[],"yoast_head":"<!-- This site is optimized with the Yoast SEO plugin v26.9 - https:\/\/yoast.com\/product\/yoast-seo-wordpress\/ -->\n<title>Week-ends de ski et s\u00e9jours de courte dur\u00e9e Morzine - Elevation Alps.<\/title>\n<meta name=\"description\" content=\"Proche de Gen\u00e8ve, Morzine est id\u00e9ale pour un week-end de ski ou un court s\u00e9jour. S\u00e9journez dans l&#039;un de nos luxueux chalets et appartements de ski situ\u00e9s au centre de la ville.\" \/>\n<meta name=\"robots\" content=\"index, follow, max-snippet:-1, max-image-preview:large, max-video-preview:-1\" \/>\n<link rel=\"canonical\" href=\"https:\/\/elevationalps.com\/fr\/chalets-pour-les-week-ends-de-ski\/\" \/>\n<meta property=\"og:locale\" content=\"fr_FR\" \/>\n<meta property=\"og:type\" content=\"article\" \/>\n<meta property=\"og:title\" content=\"Week-ends de ski et s\u00e9jours de courte dur\u00e9e Morzine - Elevation Alps.\" \/>\n<meta property=\"og:description\" content=\"Proche de Gen\u00e8ve, Morzine est id\u00e9ale pour un week-end de ski ou un court s\u00e9jour. S\u00e9journez dans l&#039;un de nos luxueux chalets et appartements de ski situ\u00e9s au centre de la ville.\" \/>\n<meta property=\"og:url\" content=\"https:\/\/elevationalps.com\/fr\/chalets-pour-les-week-ends-de-ski\/\" \/>\n<meta property=\"og:site_name\" content=\"Elevation Alps\" \/>\n<meta property=\"article:publisher\" content=\"https:\/\/www.facebook.com\/ElevationAlps\/\" \/>\n<meta property=\"article:modified_time\" content=\"2026-03-17T11:22:26+00:00\" \/>\n<meta property=\"og:image\" content=\"https:\/\/elevationalps.com\/wp-content\/uploads\/2025\/06\/Morzine-Avoriaz-Ski-Area-Skiiers-and-Lifts-Arare-Landscape.webp\" \/>\n\t<meta property=\"og:image:width\" content=\"2034\" \/>\n\t<meta property=\"og:image:height\" content=\"1356\" \/>\n\t<meta property=\"og:image:type\" content=\"image\/webp\" \/>\n<script type=\"application\/ld+json\" class=\"yoast-schema-graph\">{\"@context\":\"https:\/\/schema.org\",\"@graph\":[{\"@type\":\"WebPage\",\"@id\":\"https:\/\/elevationalps.com\/fr\/chalets-pour-les-week-ends-de-ski\/\",\"url\":\"https:\/\/elevationalps.com\/fr\/chalets-pour-les-week-ends-de-ski\/\",\"name\":\"Week-ends de ski et s\u00e9jours de courte dur\u00e9e Morzine - Elevation Alps.\",\"isPartOf\":{\"@id\":\"https:\/\/elevationalps.com\/fr\/#website\"},\"primaryImageOfPage\":{\"@id\":\"https:\/\/elevationalps.com\/fr\/chalets-pour-les-week-ends-de-ski\/#primaryimage\"},\"image\":{\"@id\":\"https:\/\/elevationalps.com\/fr\/chalets-pour-les-week-ends-de-ski\/#primaryimage\"},\"thumbnailUrl\":\"https:\/\/elevationalps.com\/wp-content\/uploads\/2025\/06\/Morzine-Avoriaz-Ski-Area-Skiiers-and-Lifts-Arare-Landscape.webp\",\"datePublished\":\"2025-05-23T12:26:05+00:00\",\"dateModified\":\"2026-03-17T11:22:26+00:00\",\"description\":\"Proche de Gen\u00e8ve, Morzine est id\u00e9ale pour un week-end de ski ou un court s\u00e9jour. S\u00e9journez dans l'un de nos luxueux chalets et appartements de ski situ\u00e9s au centre de la ville.\",\"breadcrumb\":{\"@id\":\"https:\/\/elevationalps.com\/fr\/chalets-pour-les-week-ends-de-ski\/#breadcrumb\"},\"inLanguage\":\"fr-FR\",\"potentialAction\":[{\"@type\":\"ReadAction\",\"target\":[\"https:\/\/elevationalps.com\/fr\/chalets-pour-les-week-ends-de-ski\/\"]}]},{\"@type\":\"ImageObject\",\"inLanguage\":\"fr-FR\",\"@id\":\"https:\/\/elevationalps.com\/fr\/chalets-pour-les-week-ends-de-ski\/#primaryimage\",\"url\":\"https:\/\/elevationalps.com\/wp-content\/uploads\/2025\/06\/Morzine-Avoriaz-Ski-Area-Skiiers-and-Lifts-Arare-Landscape.webp\",\"contentUrl\":\"https:\/\/elevationalps.com\/wp-content\/uploads\/2025\/06\/Morzine-Avoriaz-Ski-Area-Skiiers-and-Lifts-Arare-Landscape.webp\",\"width\":2034,\"height\":1356,\"caption\":\"Ski Weekends & Short Breaks Morzine\"},{\"@type\":\"BreadcrumbList\",\"@id\":\"https:\/\/elevationalps.com\/fr\/chalets-pour-les-week-ends-de-ski\/#breadcrumb\",\"itemListElement\":[{\"@type\":\"ListItem\",\"position\":1,\"name\":\"Home\",\"item\":\"https:\/\/elevationalps.com\/fr\/\"},{\"@type\":\"ListItem\",\"position\":2,\"name\":\"Week-ends de ski et s\u00e9jours de courte dur\u00e9e\"}]},{\"@type\":\"WebSite\",\"@id\":\"https:\/\/elevationalps.com\/fr\/#website\",\"url\":\"https:\/\/elevationalps.com\/fr\/\",\"name\":\"Elevation Alps\",\"description\":\"Luxury Self Catered Properties in Morzine\",\"potentialAction\":[{\"@type\":\"SearchAction\",\"target\":{\"@type\":\"EntryPoint\",\"urlTemplate\":\"https:\/\/elevationalps.com\/fr\/?s={search_term_string}\"},\"query-input\":{\"@type\":\"PropertyValueSpecification\",\"valueRequired\":true,\"valueName\":\"search_term_string\"}}],\"inLanguage\":\"fr-FR\"}]}<\/script>\n<!-- \/ Yoast SEO plugin. -->","yoast_head_json":{"title":"Week-ends de ski et s\u00e9jours de courte dur\u00e9e Morzine - Elevation Alps.","description":"Proche de Gen\u00e8ve, Morzine est id\u00e9ale pour un week-end de ski ou un court s\u00e9jour. S\u00e9journez dans l'un de nos luxueux chalets et appartements de ski situ\u00e9s au centre de la ville.","robots":{"index":"index","follow":"follow","max-snippet":"max-snippet:-1","max-image-preview":"max-image-preview:large","max-video-preview":"max-video-preview:-1"},"canonical":"https:\/\/elevationalps.com\/fr\/chalets-pour-les-week-ends-de-ski\/","og_locale":"fr_FR","og_type":"article","og_title":"Week-ends de ski et s\u00e9jours de courte dur\u00e9e Morzine - Elevation Alps.","og_description":"Proche de Gen\u00e8ve, Morzine est id\u00e9ale pour un week-end de ski ou un court s\u00e9jour. S\u00e9journez dans l'un de nos luxueux chalets et appartements de ski situ\u00e9s au centre de la ville.","og_url":"https:\/\/elevationalps.com\/fr\/chalets-pour-les-week-ends-de-ski\/","og_site_name":"Elevation Alps","article_publisher":"https:\/\/www.facebook.com\/ElevationAlps\/","article_modified_time":"2026-03-17T11:22:26+00:00","og_image":[{"width":2034,"height":1356,"url":"https:\/\/elevationalps.com\/wp-content\/uploads\/2025\/06\/Morzine-Avoriaz-Ski-Area-Skiiers-and-Lifts-Arare-Landscape.webp","type":"image\/webp"}],"schema":{"@context":"https:\/\/schema.org","@graph":[{"@type":"WebPage","@id":"https:\/\/elevationalps.com\/fr\/chalets-pour-les-week-ends-de-ski\/","url":"https:\/\/elevationalps.com\/fr\/chalets-pour-les-week-ends-de-ski\/","name":"Week-ends de ski et s\u00e9jours de courte dur\u00e9e Morzine - Elevation Alps.","isPartOf":{"@id":"https:\/\/elevationalps.com\/fr\/#website"},"primaryImageOfPage":{"@id":"https:\/\/elevationalps.com\/fr\/chalets-pour-les-week-ends-de-ski\/#primaryimage"},"image":{"@id":"https:\/\/elevationalps.com\/fr\/chalets-pour-les-week-ends-de-ski\/#primaryimage"},"thumbnailUrl":"https:\/\/elevationalps.com\/wp-content\/uploads\/2025\/06\/Morzine-Avoriaz-Ski-Area-Skiiers-and-Lifts-Arare-Landscape.webp","datePublished":"2025-05-23T12:26:05+00:00","dateModified":"2026-03-17T11:22:26+00:00","description":"Proche de Gen\u00e8ve, Morzine est id\u00e9ale pour un week-end de ski ou un court s\u00e9jour. S\u00e9journez dans l'un de nos luxueux chalets et appartements de ski situ\u00e9s au centre de la ville.","breadcrumb":{"@id":"https:\/\/elevationalps.com\/fr\/chalets-pour-les-week-ends-de-ski\/#breadcrumb"},"inLanguage":"fr-FR","potentialAction":[{"@type":"ReadAction","target":["https:\/\/elevationalps.com\/fr\/chalets-pour-les-week-ends-de-ski\/"]}]},{"@type":"ImageObject","inLanguage":"fr-FR","@id":"https:\/\/elevationalps.com\/fr\/chalets-pour-les-week-ends-de-ski\/#primaryimage","url":"https:\/\/elevationalps.com\/wp-content\/uploads\/2025\/06\/Morzine-Avoriaz-Ski-Area-Skiiers-and-Lifts-Arare-Landscape.webp","contentUrl":"https:\/\/elevationalps.com\/wp-content\/uploads\/2025\/06\/Morzine-Avoriaz-Ski-Area-Skiiers-and-Lifts-Arare-Landscape.webp","width":2034,"height":1356,"caption":"Ski Weekends & Short Breaks Morzine"},{"@type":"BreadcrumbList","@id":"https:\/\/elevationalps.com\/fr\/chalets-pour-les-week-ends-de-ski\/#breadcrumb","itemListElement":[{"@type":"ListItem","position":1,"name":"Home","item":"https:\/\/elevationalps.com\/fr\/"},{"@type":"ListItem","position":2,"name":"Week-ends de ski et s\u00e9jours de courte dur\u00e9e"}]},{"@type":"WebSite","@id":"https:\/\/elevationalps.com\/fr\/#website","url":"https:\/\/elevationalps.com\/fr\/","name":"Elevation Alps","description":"Luxury Self Catered Properties in Morzine","potentialAction":[{"@type":"SearchAction","target":{"@type":"EntryPoint","urlTemplate":"https:\/\/elevationalps.com\/fr\/?s={search_term_string}"},"query-input":{"@type":"PropertyValueSpecification","valueRequired":true,"valueName":"search_term_string"}}],"inLanguage":"fr-FR"}]}},"_links":{"self":[{"href":"https:\/\/elevationalps.com\/fr\/wp-json\/wp\/v2\/pages\/3808","targetHints":{"allow":["GET"]}}],"collection":[{"href":"https:\/\/elevationalps.com\/fr\/wp-json\/wp\/v2\/pages"}],"about":[{"href":"https:\/\/elevationalps.com\/fr\/wp-json\/wp\/v2\/types\/page"}],"author":[{"embeddable":true,"href":"https:\/\/elevationalps.com\/fr\/wp-json\/wp\/v2\/users\/1"}],"replies":[{"embeddable":true,"href":"https:\/\/elevationalps.com\/fr\/wp-json\/wp\/v2\/comments?post=3808"}],"version-history":[{"count":5,"href":"https:\/\/elevationalps.com\/fr\/wp-json\/wp\/v2\/pages\/3808\/revisions"}],"predecessor-version":[{"id":5058,"href":"https:\/\/elevationalps.com\/fr\/wp-json\/wp\/v2\/pages\/3808\/revisions\/5058"}],"wp:featuredmedia":[{"embeddable":true,"href":"https:\/\/elevationalps.com\/fr\/wp-json\/wp\/v2\/media\/3129"}],"wp:attachment":[{"href":"https:\/\/elevationalps.com\/fr\/wp-json\/wp\/v2\/media?parent=3808"}],"curies":[{"name":"wp","href":"https:\/\/api.w.org\/{rel}","templated":true}]}}