{"id":4801,"date":"2026-02-04T11:59:16","date_gmt":"2026-02-04T10:59:16","guid":{"rendered":"https:\/\/elevationalps.com\/chalets-dete\/"},"modified":"2026-04-07T11:34:22","modified_gmt":"2026-04-07T09:34:22","slug":"chalets-dete","status":"publish","type":"page","link":"https:\/\/elevationalps.com\/fr\/chalets-dete\/","title":{"rendered":"L&rsquo;\u00e9t\u00e9"},"content":{"rendered":"","protected":false},"excerpt":{"rendered":"","protected":false},"author":2,"featured_media":2891,"parent":0,"menu_order":3,"comment_status":"closed","ping_status":"closed","template":"","meta":{"_acf_changed":false,"footnotes":""},"class_list":["post-4801","page","type-page","status-publish","has-post-thumbnail","hentry"],"acf":[],"yoast_head":"<!-- This site is optimized with the Yoast SEO plugin v26.9 - https:\/\/yoast.com\/product\/yoast-seo-wordpress\/ -->\n<title>Chalets d&#039;\u00e9t\u00e9 \u00e0 Morzine - Elevation Alps<\/title>\n<meta name=\"description\" content=\"D\u00e9couvrez ce que vous pouvez attendre de nos locations Vacances \u00e0 Morzine : bains \u00e0 remous, repas en plein air, barbecues, jardins, parking, garage \u00e0 v\u00e9los et r\u00e9duction MultiPass.\" \/>\n<meta name=\"robots\" content=\"index, follow, max-snippet:-1, max-image-preview:large, max-video-preview:-1\" \/>\n<link rel=\"canonical\" href=\"https:\/\/elevationalps.com\/fr\/chalets-dete\/\" \/>\n<meta property=\"og:locale\" content=\"fr_FR\" \/>\n<meta property=\"og:type\" content=\"article\" \/>\n<meta property=\"og:title\" content=\"Chalets d&#039;\u00e9t\u00e9 \u00e0 Morzine - Elevation Alps\" \/>\n<meta property=\"og:description\" content=\"D\u00e9couvrez ce que vous pouvez attendre de nos locations Vacances \u00e0 Morzine : bains \u00e0 remous, repas en plein air, barbecues, jardins, parking, garage \u00e0 v\u00e9los et r\u00e9duction MultiPass.\" \/>\n<meta property=\"og:url\" content=\"https:\/\/elevationalps.com\/fr\/chalets-dete\/\" \/>\n<meta property=\"og:site_name\" content=\"Elevation Alps\" \/>\n<meta property=\"article:publisher\" content=\"https:\/\/www.facebook.com\/ElevationAlps\/\" \/>\n<meta property=\"article:modified_time\" content=\"2026-04-07T09:34:22+00:00\" \/>\n<meta property=\"og:image\" content=\"https:\/\/elevationalps.com\/wp-content\/uploads\/2025\/06\/Elevation-Alps-Chalet-North-Star-Exterior-Drive-Summer.webp\" \/>\n\t<meta property=\"og:image:width\" content=\"2034\" \/>\n\t<meta property=\"og:image:height\" content=\"1356\" \/>\n\t<meta property=\"og:image:type\" content=\"image\/webp\" \/>\n<script type=\"application\/ld+json\" class=\"yoast-schema-graph\">{\"@context\":\"https:\/\/schema.org\",\"@graph\":[{\"@type\":\"WebPage\",\"@id\":\"https:\/\/elevationalps.com\/fr\/chalets-dete\/\",\"url\":\"https:\/\/elevationalps.com\/fr\/chalets-dete\/\",\"name\":\"Chalets d'\u00e9t\u00e9 \u00e0 Morzine - Elevation Alps\",\"isPartOf\":{\"@id\":\"https:\/\/elevationalps.com\/fr\/#website\"},\"primaryImageOfPage\":{\"@id\":\"https:\/\/elevationalps.com\/fr\/chalets-dete\/#primaryimage\"},\"image\":{\"@id\":\"https:\/\/elevationalps.com\/fr\/chalets-dete\/#primaryimage\"},\"thumbnailUrl\":\"https:\/\/elevationalps.com\/wp-content\/uploads\/2025\/06\/Elevation-Alps-Chalet-North-Star-Exterior-Drive-Summer.webp\",\"datePublished\":\"2026-02-04T10:59:16+00:00\",\"dateModified\":\"2026-04-07T09:34:22+00:00\",\"description\":\"D\u00e9couvrez ce que vous pouvez attendre de nos locations Vacances \u00e0 Morzine : bains \u00e0 remous, repas en plein air, barbecues, jardins, parking, garage \u00e0 v\u00e9los et r\u00e9duction MultiPass.\",\"breadcrumb\":{\"@id\":\"https:\/\/elevationalps.com\/fr\/chalets-dete\/#breadcrumb\"},\"inLanguage\":\"fr-FR\",\"potentialAction\":[{\"@type\":\"ReadAction\",\"target\":[\"https:\/\/elevationalps.com\/fr\/chalets-dete\/\"]}]},{\"@type\":\"ImageObject\",\"inLanguage\":\"fr-FR\",\"@id\":\"https:\/\/elevationalps.com\/fr\/chalets-dete\/#primaryimage\",\"url\":\"https:\/\/elevationalps.com\/wp-content\/uploads\/2025\/06\/Elevation-Alps-Chalet-North-Star-Exterior-Drive-Summer.webp\",\"contentUrl\":\"https:\/\/elevationalps.com\/wp-content\/uploads\/2025\/06\/Elevation-Alps-Chalet-North-Star-Exterior-Drive-Summer.webp\",\"width\":2034,\"height\":1356,\"caption\":\"Chalet North Star - Exterior & Drive Summer\"},{\"@type\":\"BreadcrumbList\",\"@id\":\"https:\/\/elevationalps.com\/fr\/chalets-dete\/#breadcrumb\",\"itemListElement\":[{\"@type\":\"ListItem\",\"position\":1,\"name\":\"Home\",\"item\":\"https:\/\/elevationalps.com\/fr\/\"},{\"@type\":\"ListItem\",\"position\":2,\"name\":\"L&#8217;\u00e9t\u00e9\"}]},{\"@type\":\"WebSite\",\"@id\":\"https:\/\/elevationalps.com\/fr\/#website\",\"url\":\"https:\/\/elevationalps.com\/fr\/\",\"name\":\"Elevation Alps\",\"description\":\"Luxury Self Catered Properties in Morzine\",\"potentialAction\":[{\"@type\":\"SearchAction\",\"target\":{\"@type\":\"EntryPoint\",\"urlTemplate\":\"https:\/\/elevationalps.com\/fr\/?s={search_term_string}\"},\"query-input\":{\"@type\":\"PropertyValueSpecification\",\"valueRequired\":true,\"valueName\":\"search_term_string\"}}],\"inLanguage\":\"fr-FR\"}]}<\/script>\n<!-- \/ Yoast SEO plugin. -->","yoast_head_json":{"title":"Chalets d'\u00e9t\u00e9 \u00e0 Morzine - Elevation Alps","description":"D\u00e9couvrez ce que vous pouvez attendre de nos locations Vacances \u00e0 Morzine : bains \u00e0 remous, repas en plein air, barbecues, jardins, parking, garage \u00e0 v\u00e9los et r\u00e9duction MultiPass.","robots":{"index":"index","follow":"follow","max-snippet":"max-snippet:-1","max-image-preview":"max-image-preview:large","max-video-preview":"max-video-preview:-1"},"canonical":"https:\/\/elevationalps.com\/fr\/chalets-dete\/","og_locale":"fr_FR","og_type":"article","og_title":"Chalets d'\u00e9t\u00e9 \u00e0 Morzine - Elevation Alps","og_description":"D\u00e9couvrez ce que vous pouvez attendre de nos locations Vacances \u00e0 Morzine : bains \u00e0 remous, repas en plein air, barbecues, jardins, parking, garage \u00e0 v\u00e9los et r\u00e9duction MultiPass.","og_url":"https:\/\/elevationalps.com\/fr\/chalets-dete\/","og_site_name":"Elevation Alps","article_publisher":"https:\/\/www.facebook.com\/ElevationAlps\/","article_modified_time":"2026-04-07T09:34:22+00:00","og_image":[{"width":2034,"height":1356,"url":"https:\/\/elevationalps.com\/wp-content\/uploads\/2025\/06\/Elevation-Alps-Chalet-North-Star-Exterior-Drive-Summer.webp","type":"image\/webp"}],"schema":{"@context":"https:\/\/schema.org","@graph":[{"@type":"WebPage","@id":"https:\/\/elevationalps.com\/fr\/chalets-dete\/","url":"https:\/\/elevationalps.com\/fr\/chalets-dete\/","name":"Chalets d'\u00e9t\u00e9 \u00e0 Morzine - Elevation Alps","isPartOf":{"@id":"https:\/\/elevationalps.com\/fr\/#website"},"primaryImageOfPage":{"@id":"https:\/\/elevationalps.com\/fr\/chalets-dete\/#primaryimage"},"image":{"@id":"https:\/\/elevationalps.com\/fr\/chalets-dete\/#primaryimage"},"thumbnailUrl":"https:\/\/elevationalps.com\/wp-content\/uploads\/2025\/06\/Elevation-Alps-Chalet-North-Star-Exterior-Drive-Summer.webp","datePublished":"2026-02-04T10:59:16+00:00","dateModified":"2026-04-07T09:34:22+00:00","description":"D\u00e9couvrez ce que vous pouvez attendre de nos locations Vacances \u00e0 Morzine : bains \u00e0 remous, repas en plein air, barbecues, jardins, parking, garage \u00e0 v\u00e9los et r\u00e9duction MultiPass.","breadcrumb":{"@id":"https:\/\/elevationalps.com\/fr\/chalets-dete\/#breadcrumb"},"inLanguage":"fr-FR","potentialAction":[{"@type":"ReadAction","target":["https:\/\/elevationalps.com\/fr\/chalets-dete\/"]}]},{"@type":"ImageObject","inLanguage":"fr-FR","@id":"https:\/\/elevationalps.com\/fr\/chalets-dete\/#primaryimage","url":"https:\/\/elevationalps.com\/wp-content\/uploads\/2025\/06\/Elevation-Alps-Chalet-North-Star-Exterior-Drive-Summer.webp","contentUrl":"https:\/\/elevationalps.com\/wp-content\/uploads\/2025\/06\/Elevation-Alps-Chalet-North-Star-Exterior-Drive-Summer.webp","width":2034,"height":1356,"caption":"Chalet North Star - Exterior & Drive Summer"},{"@type":"BreadcrumbList","@id":"https:\/\/elevationalps.com\/fr\/chalets-dete\/#breadcrumb","itemListElement":[{"@type":"ListItem","position":1,"name":"Home","item":"https:\/\/elevationalps.com\/fr\/"},{"@type":"ListItem","position":2,"name":"L&#8217;\u00e9t\u00e9"}]},{"@type":"WebSite","@id":"https:\/\/elevationalps.com\/fr\/#website","url":"https:\/\/elevationalps.com\/fr\/","name":"Elevation Alps","description":"Luxury Self Catered Properties in Morzine","potentialAction":[{"@type":"SearchAction","target":{"@type":"EntryPoint","urlTemplate":"https:\/\/elevationalps.com\/fr\/?s={search_term_string}"},"query-input":{"@type":"PropertyValueSpecification","valueRequired":true,"valueName":"search_term_string"}}],"inLanguage":"fr-FR"}]}},"_links":{"self":[{"href":"https:\/\/elevationalps.com\/fr\/wp-json\/wp\/v2\/pages\/4801","targetHints":{"allow":["GET"]}}],"collection":[{"href":"https:\/\/elevationalps.com\/fr\/wp-json\/wp\/v2\/pages"}],"about":[{"href":"https:\/\/elevationalps.com\/fr\/wp-json\/wp\/v2\/types\/page"}],"author":[{"embeddable":true,"href":"https:\/\/elevationalps.com\/fr\/wp-json\/wp\/v2\/users\/2"}],"replies":[{"embeddable":true,"href":"https:\/\/elevationalps.com\/fr\/wp-json\/wp\/v2\/comments?post=4801"}],"version-history":[{"count":4,"href":"https:\/\/elevationalps.com\/fr\/wp-json\/wp\/v2\/pages\/4801\/revisions"}],"predecessor-version":[{"id":5140,"href":"https:\/\/elevationalps.com\/fr\/wp-json\/wp\/v2\/pages\/4801\/revisions\/5140"}],"wp:featuredmedia":[{"embeddable":true,"href":"https:\/\/elevationalps.com\/fr\/wp-json\/wp\/v2\/media\/2891"}],"wp:attachment":[{"href":"https:\/\/elevationalps.com\/fr\/wp-json\/wp\/v2\/media?parent=4801"}],"curies":[{"name":"wp","href":"https:\/\/api.w.org\/{rel}","templated":true}]}}